{"id":541,"date":"2022-08-03T06:50:42","date_gmt":"2022-08-03T06:50:42","guid":{"rendered":"https:\/\/iut.doq.mybluehost.me\/website_6f340f9d\/?page_id=541"},"modified":"2026-02-16T16:48:59","modified_gmt":"2026-02-16T22:48:59","slug":"projects","status":"publish","type":"page","link":"https:\/\/novahomescr.com\/en\/projects\/","title":{"rendered":"Projects"},"content":{"rendered":"<div data-elementor-type=\"wp-page\" data-elementor-id=\"541\" class=\"elementor elementor-541\">\n\t\t\t\t\t\t<section class=\"elementor-section elementor-top-section elementor-element elementor-element-d50dba0 elementor-section-full_width elementor-section-height-default elementor-section-height-default\" data-id=\"d50dba0\" data-element_type=\"section\" data-e-type=\"section\" data-settings=\"{&quot;background_background&quot;:&quot;classic&quot;}\">\n\t\t\t\t\t\t<div class=\"elementor-container elementor-column-gap-no\">\n\t\t\t\t\t<div class=\"elementor-column elementor-col-100 elementor-top-column elementor-element elementor-element-db6e299\" data-id=\"db6e299\" data-element_type=\"column\" data-e-type=\"column\">\n\t\t\t<div class=\"elementor-widget-wrap elementor-element-populated\">\n\t\t\t\t\t\t<div class=\"elementor-element elementor-element-d772620 elementor-widget elementor-widget-tw-folio\" data-id=\"d772620\" data-element_type=\"widget\" data-e-type=\"widget\" data-widget_type=\"tw-folio.default\">\n\t\t\t\t<div class=\"elementor-widget-container\">\n\t\t\t\t\t        <div class=\"container-fluid projectContainer\">\n            <div class=\"row shaff_grid\">\n                                    <div class=\"col-md-6 shaff_item\" >\n                        <div class=\"project01\">\n                            <img decoding=\"async\" src=\"https:\/\/iut.doq.mybluehost.me\/website_6f340f9d\/wp-content\/uploads\/2022\/08\/Proyecto_Nanku_Nosara-5-845x450.jpeg\" alt=\"Proyecto Nank\u00fa, Nosara\">\n                            <div class=\"pro01Content\">\n                                <h3>\n                                    <a href=\"https:\/\/novahomescr.com\/en\/portfolios\/proyecto-nanku-nosara\/\">Proyecto Nank\u00fa, Nosara<\/a>\n                                <\/h3>\n                                                                    <a href=\"https:\/\/novahomescr.com\/en\/portfolios\/proyecto-nanku-nosara\/\" class=\"chmk-link\">Read More<i class=\"Chmk-right-arrow\"><\/i><\/a>\n                                                            <\/div>\n                        <\/div>\n                    <\/div>\n                                        <div class=\"col-md-6 shaff_item\" >\n                        <div class=\"project01\">\n                            <img decoding=\"async\" src=\"https:\/\/iut.doq.mybluehost.me\/website_6f340f9d\/wp-content\/uploads\/2022\/08\/Potrero_video_inicio-845x350.jpeg\" alt=\"Casa Potrero\">\n                            <div class=\"pro01Content\">\n                                <h3>\n                                    <a href=\"https:\/\/novahomescr.com\/en\/portfolios\/casa-potrero\/\">Potrero House<\/a>\n                                <\/h3>\n                                                                    <a href=\"https:\/\/novahomescr.com\/en\/portfolios\/casa-potrero\/\" class=\"chmk-link\">Read More<i class=\"Chmk-right-arrow\"><\/i><\/a>\n                                                            <\/div>\n                        <\/div>\n                    <\/div>\n                                        <div class=\"col-md-6 shaff_item\" >\n                        <div class=\"project01\">\n                            <img decoding=\"async\" src=\"https:\/\/iut.doq.mybluehost.me\/website_6f340f9d\/wp-content\/uploads\/2022\/08\/Casa_Sequeira_1-1-845x570.webp\" alt=\"Residencia Esquivel\">\n                            <div class=\"pro01Content\">\n                                <h3>\n                                    <a href=\"https:\/\/novahomescr.com\/en\/portfolios\/residencia-esquivel\/\">Esquivel Residence<\/a>\n                                <\/h3>\n                                                                    <a href=\"https:\/\/novahomescr.com\/en\/portfolios\/residencia-esquivel\/\" class=\"chmk-link\">Read More<i class=\"Chmk-right-arrow\"><\/i><\/a>\n                                                            <\/div>\n                        <\/div>\n                    <\/div>\n                                        <div class=\"col-md-6 col-xl-3 p01SM shaff_item\" >\n                        <div class=\"project01\">\n                            <img decoding=\"async\" src=\"https:\/\/iut.doq.mybluehost.me\/website_6f340f9d\/wp-content\/uploads\/2022\/08\/Villa_High_End_Yaba-5-403x465.jpg\" alt=\"Villa High End Yab\u00e1\">\n                            <div class=\"pro01Content\">\n                                <h3>\n                                    <a href=\"https:\/\/novahomescr.com\/en\/portfolios\/villa-high-end\/\">Villa High End Yab\u00e1<\/a>\n                                <\/h3>\n                                                                    <a href=\"https:\/\/novahomescr.com\/en\/portfolios\/villa-high-end\/\" class=\"chmk-link\">Read More<i class=\"Chmk-right-arrow\"><\/i><\/a>\n                                                            <\/div>\n                        <\/div>\n                    <\/div>\n                                        <div class=\"col-md-6 col-xl-3 p01SM shaff_item\" >\n                        <div class=\"project01\">\n                            <img decoding=\"async\" src=\"https:\/\/iut.doq.mybluehost.me\/website_6f340f9d\/wp-content\/uploads\/2022\/08\/Villa_Luxory_Yaba-1-403x465.jpg\" alt=\"Villa Luxory Yab\u00e1\">\n                            <div class=\"pro01Content\">\n                                <h3>\n                                    <a href=\"https:\/\/novahomescr.com\/en\/portfolios\/villa-luxory-yaba\/\">Villa Luxory Yab\u00e1<\/a>\n                                <\/h3>\n                                                                    <a href=\"https:\/\/novahomescr.com\/en\/portfolios\/villa-luxory-yaba\/\" class=\"chmk-link\">Read More<i class=\"Chmk-right-arrow\"><\/i><\/a>\n                                                            <\/div>\n                        <\/div>\n                    <\/div>\n                                        <div class=\"col-md-6 shaff_item\" >\n                        <div class=\"project01\">\n                            <img decoding=\"async\" src=\"https:\/\/iut.doq.mybluehost.me\/website_6f340f9d\/wp-content\/uploads\/2022\/08\/Villa_Premium_Yaba-3-845x450.jpg\" alt=\"Villa Premium Yab\u00e1\">\n                            <div class=\"pro01Content\">\n                                <h3>\n                                    <a href=\"https:\/\/novahomescr.com\/en\/portfolios\/villa-premium-yaba-v2\/\">Villa Premium Yab\u00e1<\/a>\n                                <\/h3>\n                                                                    <a href=\"https:\/\/novahomescr.com\/en\/portfolios\/villa-premium-yaba-v2\/\" class=\"chmk-link\">Read More<i class=\"Chmk-right-arrow\"><\/i><\/a>\n                                                            <\/div>\n                        <\/div>\n                    <\/div>\n                                        <div class=\"col-md-6 shaff_item\" >\n                        <div class=\"project01\">\n                            <img decoding=\"async\" src=\"https:\/\/iut.doq.mybluehost.me\/website_6f340f9d\/wp-content\/uploads\/2024\/10\/Villa52_2-845x350.jpg\" alt=\"Casa Villa 52\">\n                            <div class=\"pro01Content\">\n                                <h3>\n                                    <a href=\"https:\/\/novahomescr.com\/en\/portfolios\/casa-villa52\/\">Casa Villa 52<\/a>\n                                <\/h3>\n                                                                    <a href=\"https:\/\/novahomescr.com\/en\/portfolios\/casa-villa52\/\" class=\"chmk-link\">Read More<i class=\"Chmk-right-arrow\"><\/i><\/a>\n                                                            <\/div>\n                        <\/div>\n                    <\/div>\n                                    <div class=\"col-md-1 col-xl-1 shafSizer\"><\/div>\n            <\/div>\n                    <\/div>\n\t\t\t\t<\/div>\n\t\t\t\t<\/div>\n\t\t\t\t\t<\/div>\n\t\t<\/div>\n\t\t\t\t\t<\/div>\n\t\t<\/section>\n\t\t\t\t<section class=\"elementor-section elementor-top-section elementor-element elementor-element-6a74bd4 elementor-section-boxed elementor-section-height-default elementor-section-height-default\" data-id=\"6a74bd4\" data-element_type=\"section\" data-e-type=\"section\">\n\t\t\t\t\t\t<div class=\"elementor-container elementor-column-gap-default\">\n\t\t\t\t\t<div class=\"elementor-column elementor-col-100 elementor-top-column elementor-element elementor-element-97adfee\" data-id=\"97adfee\" data-element_type=\"column\" data-e-type=\"column\">\n\t\t\t<div class=\"elementor-widget-wrap elementor-element-populated\">\n\t\t\t\t\t\t<div class=\"elementor-element elementor-element-a203d37 elementor-shape-circle elementor-widget__width-initial elementor-absolute elementor-grid-0 e-grid-align-center elementor-widget elementor-widget-social-icons\" data-id=\"a203d37\" data-element_type=\"widget\" data-e-type=\"widget\" data-settings=\"{&quot;_position&quot;:&quot;absolute&quot;}\" data-widget_type=\"social-icons.default\">\n\t\t\t\t<div class=\"elementor-widget-container\">\n\t\t\t\t\t\t\t<div class=\"elementor-social-icons-wrapper elementor-grid\">\n\t\t\t\t\t\t\t<span class=\"elementor-grid-item\">\n\t\t\t\t\t<a class=\"elementor-icon elementor-social-icon elementor-social-icon-whatsapp elementor-repeater-item-ab6f429\" href=\"https:\/\/wa.me\/50683983969\" target=\"_blank\" rel=\"noopener\">\n\t\t\t\t\t\t<span class=\"elementor-screen-only\">Whatsapp<\/span>\n\t\t\t\t\t\t<i aria-hidden=\"true\" class=\"fab fa-whatsapp\"><\/i>\t\t\t\t\t<\/a>\n\t\t\t\t<\/span>\n\t\t\t\t\t<\/div>\n\t\t\t\t\t\t<\/div>\n\t\t\t\t<\/div>\n\t\t\t\t\t<\/div>\n\t\t<\/div>\n\t\t\t\t\t<\/div>\n\t\t<\/section>\n\t\t\t\t<\/div>","protected":false},"excerpt":{"rendered":"<p>Proyecto Nank\u00fa, Nosara Ver Proyecto Casa Potrero Ver Proyecto Residencia Esquivel Ver Proyecto Villa High End Yab\u00e1 Ver Proyecto Villa Luxory Yab\u00e1 Ver Proyecto Villa Premium Yab\u00e1 Ver Proyecto Casa Villa 52 Ver Proyecto Whatsapp<\/p>","protected":false},"author":1,"featured_media":0,"parent":0,"menu_order":0,"comment_status":"closed","ping_status":"closed","template":"page-templates\/chomok-full-width.php","meta":{"nf_dc_page":"","om_disable_all_campaigns":false,"_monsterinsights_skip_tracking":false,"_monsterinsights_sitenote_active":false,"_monsterinsights_sitenote_note":"","_monsterinsights_sitenote_category":0,"footnotes":""},"class_list":["post-541","page","type-page","status-publish","hentry"],"_links":{"self":[{"href":"https:\/\/novahomescr.com\/en\/wp-json\/wp\/v2\/pages\/541","targetHints":{"allow":["GET"]}}],"collection":[{"href":"https:\/\/novahomescr.com\/en\/wp-json\/wp\/v2\/pages"}],"about":[{"href":"https:\/\/novahomescr.com\/en\/wp-json\/wp\/v2\/types\/page"}],"author":[{"embeddable":true,"href":"https:\/\/novahomescr.com\/en\/wp-json\/wp\/v2\/users\/1"}],"replies":[{"embeddable":true,"href":"https:\/\/novahomescr.com\/en\/wp-json\/wp\/v2\/comments?post=541"}],"version-history":[{"count":20,"href":"https:\/\/novahomescr.com\/en\/wp-json\/wp\/v2\/pages\/541\/revisions"}],"predecessor-version":[{"id":3424,"href":"https:\/\/novahomescr.com\/en\/wp-json\/wp\/v2\/pages\/541\/revisions\/3424"}],"wp:attachment":[{"href":"https:\/\/novahomescr.com\/en\/wp-json\/wp\/v2\/media?parent=541"}],"curies":[{"name":"wp","href":"https:\/\/api.w.org\/{rel}","templated":true}]}}