{"id":760,"date":"2022-08-04T03:31:14","date_gmt":"2022-08-04T03:31:14","guid":{"rendered":"https:\/\/iut.doq.mybluehost.me\/website_6f340f9d\/?page_id=760"},"modified":"2024-11-01T15:14:36","modified_gmt":"2024-11-01T21:14:36","slug":"our-service","status":"publish","type":"page","link":"https:\/\/novahomescr.com\/en\/our-service\/","title":{"rendered":"Our Services"},"content":{"rendered":"<div data-elementor-type=\"wp-page\" data-elementor-id=\"760\" class=\"elementor elementor-760\">\n\t\t\t\t\t\t<section class=\"elementor-section elementor-top-section elementor-element elementor-element-d3f922d elementor-section-boxed elementor-section-height-default elementor-section-height-default\" data-id=\"d3f922d\" data-element_type=\"section\" data-e-type=\"section\" data-settings=\"{&quot;background_background&quot;:&quot;classic&quot;}\">\n\t\t\t\t\t\t<div class=\"elementor-container elementor-column-gap-extended\">\n\t\t\t\t\t<div class=\"elementor-column elementor-col-100 elementor-top-column elementor-element elementor-element-0bef679\" data-id=\"0bef679\" data-element_type=\"column\" data-e-type=\"column\">\n\t\t\t<div class=\"elementor-widget-wrap elementor-element-populated\">\n\t\t\t\t\t\t<div class=\"elementor-element elementor-element-a9cdf66 elementor-widget elementor-widget-tw-services\" data-id=\"a9cdf66\" data-element_type=\"widget\" data-e-type=\"widget\" data-widget_type=\"tw-services.default\">\n\t\t\t\t<div class=\"elementor-widget-container\">\n\t\t\t\t\t<div class=\"row service_grid\">                <div class=\"col-xl-6 col-lg-6 col-md-6 shaff_item\">\r\n                    <div class=\"singleServiceV2 cmserItem\">\r\n                        <img decoding=\"async\" src=\"https:\/\/iut.doq.mybluehost.me\/website_6f340f9d\/wp-content\/uploads\/2022\/08\/Villa_Nanku-1-370x270.jpg\" alt=\"An\u00e1lisis Financiero para Casos de Negocios de Inversi\u00f3n\">\r\n                        <div class=\"singleServiceV2Content\">\r\n                                                            <span class=\"hidden-lebel\">Finance<\/span>\r\n                                                        <h3><a href=\"https:\/\/novahomescr.com\/en\/services\/financial-planning\/\">Financial Analysis for Investment Business Cases<\/a><\/h3>\r\n                                                            <p>\r\n                                    Strategic financial evaluation for investment projects. We analyze costs,                                <\/p>\r\n                                                                                        <a class=\"chmk-link chmkl-grey\" href=\"https:\/\/novahomescr.com\/en\/services\/financial-planning\/\">READ MORE<i class=\"Chmk-right-arrow\"><\/i><\/a>\r\n                                                    <\/div>\r\n                    <\/div>\r\n                <\/div>\r\n                                <div class=\"col-xl-6 col-lg-6 col-md-6 shaff_item\">\r\n                    <div class=\"singleServiceV2 cmserItem\">\r\n                        <img decoding=\"async\" src=\"https:\/\/iut.doq.mybluehost.me\/website_6f340f9d\/wp-content\/uploads\/2022\/08\/Vista-1-370x370.jpeg\" alt=\"Dise\u00f1o Arquitect\u00f3nico y Construcci\u00f3n\">\r\n                        <div class=\"singleServiceV2Content\">\r\n                                                            <span class=\"hidden-lebel\">Design<\/span>\r\n                                                        <h3><a href=\"https:\/\/novahomescr.com\/en\/services\/home-interior-planning\/\">Architectural Design and Construction<\/a><\/h3>\r\n                                                            <p>\r\n                                    Comprehensive design and construction that combines creativity, technology, and quality.                                <\/p>\r\n                                                                                        <a class=\"chmk-link chmkl-grey\" href=\"https:\/\/novahomescr.com\/en\/services\/home-interior-planning\/\">READ MORE<i class=\"Chmk-right-arrow\"><\/i><\/a>\r\n                                                    <\/div>\r\n                    <\/div>\r\n                <\/div>\r\n                                <div class=\"col-xl-6 col-lg-6 col-md-6 shaff_item\">\r\n                    <div class=\"singleServiceV2 cmserItem\">\r\n                        <img decoding=\"async\" src=\"https:\/\/iut.doq.mybluehost.me\/website_6f340f9d\/wp-content\/uploads\/2022\/08\/Villa_Nanku-9-370x220.jpg\" alt=\"Remodelaciones Mediante Metodolog\u00eda DCI\">\r\n                        <div class=\"singleServiceV2Content\">\r\n                                                            <span class=\"hidden-lebel\">Remodels<\/span>\r\n                                                        <h3><a href=\"https:\/\/novahomescr.com\/en\/services\/interior-renovation\/\">DCI Methodology-Based Remodeling<\/a><\/h3>\r\n                                                            <p>\r\n                                    The DCI (Design, Construction, and Integration) methodology is an advanced approach that...                                <\/p>\r\n                                                                                        <a class=\"chmk-link chmkl-grey\" href=\"https:\/\/novahomescr.com\/en\/services\/interior-renovation\/\">READ MORE<i class=\"Chmk-right-arrow\"><\/i><\/a>\r\n                                                    <\/div>\r\n                    <\/div>\r\n                <\/div>\r\n                <\/div>\t\t\t\t<\/div>\n\t\t\t\t<\/div>\n\t\t\t\t<div class=\"elementor-element elementor-element-60ada94 pr_paragraphs elementor-align-center elementor-widget elementor-widget-tw-text\" data-id=\"60ada94\" data-element_type=\"widget\" data-e-type=\"widget\" data-widget_type=\"tw-text.default\">\n\t\t\t\t<div class=\"elementor-widget-container\">\n\t\t\t\t\t            <p class=\"cmk_paragraph\">\r\n                The success of our projects is demonstrated by the trust and confidence of our clients.                <a class=\"chmk-link\" href=\"https:\/\/iut.doq.mybluehost.me\/website_6f340f9d\/our-service-02\/\" target=\"_blank\" rel=\"noopener\">Contact Us<i class=\"Chmk-right-arrow\"><\/i><\/a>            <\/p>\r\n        \t\t\t\t<\/div>\n\t\t\t\t<\/div>\n\t\t\t\t\t<\/div>\n\t\t<\/div>\n\t\t\t\t\t<\/div>\n\t\t<\/section>\n\t\t\t\t<section class=\"elementor-section elementor-top-section elementor-element elementor-element-ad487b6 elementor-section-boxed elementor-section-height-default elementor-section-height-default\" data-id=\"ad487b6\" data-element_type=\"section\" data-e-type=\"section\">\n\t\t\t\t\t\t<div class=\"elementor-container elementor-column-gap-default\">\n\t\t\t\t\t<div class=\"elementor-column elementor-col-100 elementor-top-column elementor-element elementor-element-34b39d6\" data-id=\"34b39d6\" data-element_type=\"column\" data-e-type=\"column\">\n\t\t\t<div class=\"elementor-widget-wrap elementor-element-populated\">\n\t\t\t\t\t\t<div class=\"elementor-element elementor-element-7f3ce2c elementor-shape-circle elementor-widget__width-initial elementor-absolute elementor-grid-0 e-grid-align-center elementor-widget elementor-widget-social-icons\" data-id=\"7f3ce2c\" data-element_type=\"widget\" data-e-type=\"widget\" data-settings=\"{&quot;_position&quot;:&quot;absolute&quot;}\" data-widget_type=\"social-icons.default\">\n\t\t\t\t<div class=\"elementor-widget-container\">\n\t\t\t\t\t\t\t<div class=\"elementor-social-icons-wrapper elementor-grid\">\n\t\t\t\t\t\t\t<span class=\"elementor-grid-item\">\n\t\t\t\t\t<a class=\"elementor-icon elementor-social-icon elementor-social-icon-whatsapp elementor-repeater-item-ab6f429\" href=\"https:\/\/wa.me\/50683983969\" target=\"_blank\" rel=\"noopener\">\n\t\t\t\t\t\t<span class=\"elementor-screen-only\">Whatsapp<\/span>\n\t\t\t\t\t\t<i aria-hidden=\"true\" class=\"fab fa-whatsapp\"><\/i>\t\t\t\t\t<\/a>\n\t\t\t\t<\/span>\n\t\t\t\t\t<\/div>\n\t\t\t\t\t\t<\/div>\n\t\t\t\t<\/div>\n\t\t\t\t\t<\/div>\n\t\t<\/div>\n\t\t\t\t\t<\/div>\n\t\t<\/section>\n\t\t\t\t<\/div>","protected":false},"excerpt":{"rendered":"<p>Financiero An\u00e1lisis Financiero para Casos de Negocios de Inversi\u00f3n Evaluaci\u00f3n financiera estrat\u00e9gica para proyectos de inversi\u00f3n. Analizamos costos, rentabili Leer m\u00e1s Dise\u00f1o Dise\u00f1o Arquitect\u00f3nico y Construcci\u00f3n Dise\u00f1o y construcci\u00f3n integrales que combinan creatividad, tecnolog\u00eda y calidad. Leer m\u00e1s Remodela Remodelaciones Mediante Metodolog\u00eda DCI La metodolog\u00eda DCI (Dise\u00f1o, Construcci\u00f3n e Integraci\u00f3n) es una metodolog\u00eda avanzada que [&hellip;]<\/p>\n","protected":false},"author":1,"featured_media":0,"parent":0,"menu_order":0,"comment_status":"closed","ping_status":"closed","template":"","meta":{"nf_dc_page":"","om_disable_all_campaigns":false,"_monsterinsights_skip_tracking":false,"_monsterinsights_sitenote_active":false,"_monsterinsights_sitenote_note":"","_monsterinsights_sitenote_category":0,"footnotes":""},"class_list":["post-760","page","type-page","status-publish","hentry"],"_links":{"self":[{"href":"https:\/\/novahomescr.com\/en\/wp-json\/wp\/v2\/pages\/760","targetHints":{"allow":["GET"]}}],"collection":[{"href":"https:\/\/novahomescr.com\/en\/wp-json\/wp\/v2\/pages"}],"about":[{"href":"https:\/\/novahomescr.com\/en\/wp-json\/wp\/v2\/types\/page"}],"author":[{"embeddable":true,"href":"https:\/\/novahomescr.com\/en\/wp-json\/wp\/v2\/users\/1"}],"replies":[{"embeddable":true,"href":"https:\/\/novahomescr.com\/en\/wp-json\/wp\/v2\/comments?post=760"}],"version-history":[{"count":20,"href":"https:\/\/novahomescr.com\/en\/wp-json\/wp\/v2\/pages\/760\/revisions"}],"predecessor-version":[{"id":3032,"href":"https:\/\/novahomescr.com\/en\/wp-json\/wp\/v2\/pages\/760\/revisions\/3032"}],"wp:attachment":[{"href":"https:\/\/novahomescr.com\/en\/wp-json\/wp\/v2\/media?parent=760"}],"curies":[{"name":"wp","href":"https:\/\/api.w.org\/{rel}","templated":true}]}}